{"id":1316,"date":"2025-02-08T00:53:07","date_gmt":"2025-02-07T23:53:07","guid":{"rendered":"https:\/\/www.wissenszeit.com\/?page_id=1316"},"modified":"2025-02-13T05:55:47","modified_gmt":"2025-02-13T04:55:47","slug":"kurs-wirtschaftsspanisch","status":"publish","type":"page","link":"https:\/\/www.wissenszeit.com\/index.php\/kurs-wirtschaftsspanisch\/","title":{"rendered":"Kurs: Wirtschaftsspanisch"},"content":{"rendered":"\n<div class=\"wp-block-group alignfull is-style-default has-global-padding is-layout-constrained wp-container-core-group-is-layout-70a37224 wp-block-group-is-layout-constrained\" style=\"margin-top:0;margin-bottom:0;padding-top:0;padding-right:var(--wp--preset--spacing--20);padding-bottom:0;padding-left:var(--wp--preset--spacing--20)\">\n<div class=\"wp-block-group alignwide has-global-padding is-layout-constrained wp-block-group-is-layout-constrained\"><h2 style=\"font-size:clamp(1.25rem, 1.25rem + ((1vw - 0.2rem) * 1.176), 2rem);font-style:normal;font-weight:300; padding-top:var(--wp--preset--spacing--60);padding-bottom:var(--wp--preset--spacing--40);padding-right:0;\" class=\"has-text-align-center wp-block-post-title\">Kurs: Wirtschaftsspanisch<\/h2>\n\n<nav class=\"items-justified-center wp-block-navigation is-content-justification-center is-layout-flex wp-container-core-navigation-is-layout-8fe59304 wp-block-navigation-is-layout-flex\" aria-label=\"Navigation 2\"><ul class=\"wp-block-navigation__container items-justified-center wp-block-navigation\"><li class=\" wp-block-navigation-item wp-block-navigation-link has-small-font-size\"><a class=\"wp-block-navigation-item__content\"  href=\"#KURSFAKTEN\"><span class=\"wp-block-navigation-item__label\">FAKTEN<\/span><\/a><\/li><li class=\" wp-block-navigation-item wp-block-navigation-link has-small-font-size\"><a class=\"wp-block-navigation-item__content\"  href=\"#KURSBESCHREIBUNG\"><span class=\"wp-block-navigation-item__label\">BESCHREIBUNG<\/span><\/a><\/li><li class=\" wp-block-navigation-item wp-block-navigation-link has-small-font-size\"><a class=\"wp-block-navigation-item__content\"  href=\"#KURSZIELE\"><span class=\"wp-block-navigation-item__label\">ZIELE<\/span><\/a><\/li><li class=\" wp-block-navigation-item wp-block-navigation-link has-small-font-size\"><a class=\"wp-block-navigation-item__content\"  href=\"#KURSQUALI\"><span class=\"wp-block-navigation-item__label\">QUALIFIKATIONSPROFIL<\/span><\/a><\/li><li class=\" wp-block-navigation-item wp-block-navigation-link has-small-font-size\"><a class=\"wp-block-navigation-item__content\"  href=\"#KURSMODULE\"><span class=\"wp-block-navigation-item__label\">MODULE<\/span><\/a><\/li><\/ul><\/nav><\/div>\n\n\n\n<div style=\"height:40px\" aria-hidden=\"true\" class=\"wp-block-spacer\"><\/div>\n\n\n<figure style=\"width:100%;height:200px;\" class=\"alignwide wp-block-post-featured-image\"><img fetchpriority=\"high\" decoding=\"async\" width=\"1792\" height=\"1024\" src=\"https:\/\/www.wissenszeit.com\/wp-content\/uploads\/2025\/02\/DALL\u00b7E-2025-02-08-00.49.46-A-simple-Andalusian-white-village-by-the-sea-with-warm-orange-and-yellow-sunset-hues.-White-houses-with-terracotta-roofs-calm-sea-reflecting-the-gol.webp\" class=\"attachment-post-thumbnail size-post-thumbnail wp-post-image\" alt=\"\" style=\"height:200px;object-fit:cover;\" srcset=\"https:\/\/www.wissenszeit.com\/wp-content\/uploads\/2025\/02\/DALL\u00b7E-2025-02-08-00.49.46-A-simple-Andalusian-white-village-by-the-sea-with-warm-orange-and-yellow-sunset-hues.-White-houses-with-terracotta-roofs-calm-sea-reflecting-the-gol.webp 1792w, https:\/\/www.wissenszeit.com\/wp-content\/uploads\/2025\/02\/DALL\u00b7E-2025-02-08-00.49.46-A-simple-Andalusian-white-village-by-the-sea-with-warm-orange-and-yellow-sunset-hues.-White-houses-with-terracotta-roofs-calm-sea-reflecting-the-gol-300x171.webp 300w, https:\/\/www.wissenszeit.com\/wp-content\/uploads\/2025\/02\/DALL\u00b7E-2025-02-08-00.49.46-A-simple-Andalusian-white-village-by-the-sea-with-warm-orange-and-yellow-sunset-hues.-White-houses-with-terracotta-roofs-calm-sea-reflecting-the-gol-1024x585.webp 1024w, https:\/\/www.wissenszeit.com\/wp-content\/uploads\/2025\/02\/DALL\u00b7E-2025-02-08-00.49.46-A-simple-Andalusian-white-village-by-the-sea-with-warm-orange-and-yellow-sunset-hues.-White-houses-with-terracotta-roofs-calm-sea-reflecting-the-gol-768x439.webp 768w, https:\/\/www.wissenszeit.com\/wp-content\/uploads\/2025\/02\/DALL\u00b7E-2025-02-08-00.49.46-A-simple-Andalusian-white-village-by-the-sea-with-warm-orange-and-yellow-sunset-hues.-White-houses-with-terracotta-roofs-calm-sea-reflecting-the-gol-1536x878.webp 1536w\" sizes=\"(max-width: 1792px) 100vw, 1792px\" \/><span class=\"wp-block-post-featured-image__overlay has-background-dim has-background-dim-30 has-background-gradient\" style=\"background-image: linear-gradient(90deg,rgba(255,255,255,0.48) 0%,rgba(0,0,0,0.27) 49%,rgba(255,255,255,0.3) 100%)\" aria-hidden=\"true\"><\/span><\/figure>\n\n\n<div style=\"height:40px\" aria-hidden=\"true\" class=\"wp-block-spacer\"><\/div>\n\n\n\n<figure class=\"wp-block-table alignwide is-style-stripes has-small-font-size\" id=\"KURSFAKTEN\" style=\"margin-right:0px;margin-left:0px;padding-right:0px;padding-left:0px\"><table><tbody><tr><td>Ort: <br>Salzburg + Online<\/td><td>Unterrichtsform: Vorlesung + Seminar<\/td><\/tr><tr><td>Termin: auf Anfrage   <\/td><td>Teilnehmende:<br> Individuell &#8211; Gruppen (10 &#8211; 20 max)<\/td><\/tr><tr><td>Intensivkurs: <br>3 monate<br>36UE, 3xWo , 90&#8242;<\/td><td>Semesterkurs: <br>6 Monate <br>54UE &#8211; 2xWo &#8211; 60&#8242;<\/td><\/tr><tr><td>Dozent:<br>Mag. <a href=\"https:\/\/www.planetadelibros.com\/libro-hacienda-somos-todos-carino\/324244\" data-type=\"link\" data-id=\"https:\/\/www.planetadelibros.com\/libro-hacienda-somos-todos-carino\/324244\">Luis Daniel \u00c1vila<\/a><br>Wirtschaftsforscher<br>Kommunikationsberater<\/td><td>Partnership: <br><a href=\"https:\/\/portalcientifico.universidadeuropea.com\/investigadores\/377167\/detalle?lang=en\">Dr. Hongsong Wang<\/a><br>Director of <a href=\"https:\/\/universidadeuropea.com\/en\/master-business-economics-madrid\/\">Master of Business Economics<\/a> <br>European University<\/td><\/tr><tr><td>Vorkenntnisse: <br>Nicht erforderlich<\/td><td>Kosten: auf Anfrage<br>F\u00f6rderung f\u00fcr Studierende m\u00f6glich<\/td><\/tr><tr><td>Sprachen: Spanisch, Deutsch,<br>Englisch und Italienisch<\/td><td>Steuerlich absetzbar<\/td><\/tr><\/tbody><\/table><\/figure>\n\n\n\n<hr class=\"wp-block-separator has-alpha-channel-opacity\"\/>\n<\/div>\n\n\n\n<div class=\"wp-block-group alignfull has-global-padding is-layout-constrained wp-block-group-is-layout-constrained\">\n<div style=\"height:40px\" aria-hidden=\"true\" class=\"wp-block-spacer\"><\/div>\n\n\n\n<div class=\"wp-block-group alignwide has-small-font-size is-vertical is-content-justification-center is-layout-flex wp-container-core-group-is-layout-15d0d5d4 wp-block-group-is-layout-flex\" style=\"padding-right:0px;padding-left:0px;line-height:2\">\n<div class=\"wp-block-columns alignwide are-vertically-aligned-top is-layout-flex wp-container-core-columns-is-layout-8956603d wp-block-columns-is-layout-flex\" style=\"margin-top:0;margin-bottom:0;padding-top:0;padding-right:0px;padding-bottom:0;padding-left:0px\">\n<div class=\"wp-block-column is-vertically-aligned-top is-style-default has-global-padding is-layout-constrained wp-container-core-column-is-layout-639b5052 wp-block-column-is-layout-constrained\" style=\"padding-top:0;padding-right:0;padding-bottom:0;padding-left:0\">\n<p class=\"is-style-default\" id=\"KURSQUALI\" style=\"padding-right:0;padding-left:0\">Ein besonderer Fokus liegt auf <strong>Flexibilit\u00e4t<\/strong>, sodass die Teilnehmenden den Lernprozess an ihre individuellen Interessen anpassen k\u00f6nnen. Dieser Kurs ist <strong>mehrsprachig <\/strong>und wird haupts\u00e4chlich auf <strong>Spanisch <\/strong>unterrichtet. Er kann jedoch je nach Bedarf der Teilnehmenden auch auf <strong>Deutsch, Englisch <\/strong>und <strong>Italienisch <\/strong>angepasst werden. Individuelle Beratungen, zus\u00e4tzliche Materialien und Diskussionen k\u00f6nnen in allen drei Sprachen angeboten werden, um ein flexibles und inklusives Lernerlebnis zu erm\u00f6glichen.<\/p>\n<\/div>\n\n\n\n<div class=\"wp-block-column is-vertically-aligned-top is-style-default has-accent-4-color has-text-color has-link-color wp-elements-2fff6c4ad450a1b2368845fca3422a30 has-global-padding is-layout-constrained wp-container-core-column-is-layout-639b5052 wp-block-column-is-layout-constrained\" style=\"padding-top:0;padding-right:0;padding-bottom:0;padding-left:0\">\n<p class=\"is-style-default\" style=\"padding-right:0;padding-left:0\">A special focus is placed on <strong>flexibility<\/strong>, allowing participants to tailor the learning process to their individual interests. This course is <strong>multilingual <\/strong>and primarily conducted in <strong>Spanish<\/strong>. However, it can be adapted to <strong>German<\/strong>, <strong>English<\/strong> and <strong>Italian<\/strong>, depending on participants&#8217; needs. Individual consultations, supplementary materials, and discussions can be provided in all three languages, ensuring a flexible and inclusive learning experience.<\/p>\n<\/div>\n<\/div>\n<\/div>\n\n\n\n<div style=\"height:40px\" aria-hidden=\"true\" class=\"wp-block-spacer\"><\/div>\n\n\n\n<div class=\"wp-block-group alignfull is-style-default has-global-padding is-layout-constrained wp-container-core-group-is-layout-dfac14d7 wp-block-group-is-layout-constrained\" style=\"margin-top:0;margin-bottom:0;padding-top:var(--wp--preset--spacing--50);padding-right:0;padding-bottom:var(--wp--preset--spacing--50);padding-left:0\">\n<pre class=\"wp-block-verse has-text-align-center has-medium-font-size\" style=\"font-style:normal;font-weight:300\">Der Kurs-Syllabus wird in K\u00fcrze verf\u00fcgbar sein.<\/pre>\n<\/div>\n\n\n\n<div class=\"wp-block-group alignwide has-background has-medium-font-size is-vertical is-content-justification-center is-nowrap is-layout-flex wp-container-core-group-is-layout-1d48c082 wp-block-group-is-layout-flex\" style=\"background:linear-gradient(79deg,rgba(174,178,187,0) 7%,rgb(240,240,240) 42%,rgb(255,255,255) 86%);margin-top:0;margin-bottom:0;padding-top:var(--wp--preset--spacing--80);padding-right:0;padding-bottom:var(--wp--preset--spacing--80);padding-left:0\">\n<blockquote class=\"wp-block-quote has-text-align-center has-link-color has-small-font-size wp-elements-7ee95b093afb71f77ecbecf0913ee1e1 is-layout-flow wp-container-core-quote-is-layout-9ca14939 wp-block-quote-is-layout-flow\" style=\"margin-right:0;margin-left:0;padding-right:var(--wp--preset--spacing--70);padding-left:var(--wp--preset--spacing--70);font-style:normal;font-weight:300\">\n<pre class=\"wp-block-verse\" style=\"font-size:clamp(0.957rem, 0.957rem + ((1vw - 0.2rem) * 0.773), 1.45rem);\"><strong>\"Nur ein Narr glaubt ganz leicht:<br>Wert und Preis sind gar gleich\"<\/strong><\/pre>\n\n\n\n<pre class=\"wp-block-verse\" style=\"font-size:clamp(0.875rem, 0.875rem + ((1vw - 0.2rem) * 0.353), 1.1rem);font-style:normal;font-weight:400\">'Solo un necio<br>confunde valor y precio'<\/pre>\n<cite>&#8211; A. MACHADO (Spanischer Dichter) &#8211;<\/cite><\/blockquote>\n<\/div>\n<\/div>\n","protected":false},"excerpt":{"rendered":"<p>Ort: Salzburg + Online Unterrichtsform: Vorlesung + Seminar Termin: auf Anfrage Teilnehmende: Individuell &#8211; Gruppen (10 &#8211; 20 max) Intensivkurs: 3 monate36UE, 3xWo , 90&#8242; Semesterkurs: 6 Monate 54UE &#8211; 2xWo &#8211; 60&#8242; Dozent:Mag. Luis Daniel \u00c1vilaWirtschaftsforscherKommunikationsberater Partnership: Dr. Hongsong WangDirector of Master of Business Economics European University Vorkenntnisse: Nicht erforderlich Kosten: auf AnfrageF\u00f6rderung f\u00fcr [&hellip;]<\/p>\n","protected":false},"author":1,"featured_media":1318,"parent":0,"menu_order":0,"comment_status":"closed","ping_status":"closed","template":"","meta":{"inline_featured_image":false,"footnotes":""},"class_list":["post-1316","page","type-page","status-publish","has-post-thumbnail","hentry"],"_links":{"self":[{"href":"https:\/\/www.wissenszeit.com\/index.php\/wp-json\/wp\/v2\/pages\/1316","targetHints":{"allow":["GET"]}}],"collection":[{"href":"https:\/\/www.wissenszeit.com\/index.php\/wp-json\/wp\/v2\/pages"}],"about":[{"href":"https:\/\/www.wissenszeit.com\/index.php\/wp-json\/wp\/v2\/types\/page"}],"author":[{"embeddable":true,"href":"https:\/\/www.wissenszeit.com\/index.php\/wp-json\/wp\/v2\/users\/1"}],"replies":[{"embeddable":true,"href":"https:\/\/www.wissenszeit.com\/index.php\/wp-json\/wp\/v2\/comments?post=1316"}],"version-history":[{"count":19,"href":"https:\/\/www.wissenszeit.com\/index.php\/wp-json\/wp\/v2\/pages\/1316\/revisions"}],"predecessor-version":[{"id":1828,"href":"https:\/\/www.wissenszeit.com\/index.php\/wp-json\/wp\/v2\/pages\/1316\/revisions\/1828"}],"wp:featuredmedia":[{"embeddable":true,"href":"https:\/\/www.wissenszeit.com\/index.php\/wp-json\/wp\/v2\/media\/1318"}],"wp:attachment":[{"href":"https:\/\/www.wissenszeit.com\/index.php\/wp-json\/wp\/v2\/media?parent=1316"}],"curies":[{"name":"wp","href":"https:\/\/api.w.org\/{rel}","templated":true}]}}